{"id":1963369,"date":"2022-08-09T14:52:19","date_gmt":"2022-08-09T14:52:19","guid":{"rendered":"https:\/\/olhardeprata.pt\/anti-fog\/"},"modified":"2022-08-09T14:52:21","modified_gmt":"2022-08-09T14:52:21","slug":"anti-fog","status":"publish","type":"page","link":"https:\/\/olhardeprata.pt\/en\/anti-fog\/","title":{"rendered":"Anti-fog"},"content":{"rendered":"<section class=\"l-section wpb_row height_custom\"><div class=\"l-section-h i-cf\"><div class=\"g-cols vc_row via_flex valign_top type_default stacking_default\"><div class=\"vc_col-sm-8 wpb_column vc_column_container\"><div class=\"vc_column-inner\"><div class=\"wpb_wrapper\"><div class=\"w-separator size_medium\"><\/div><div class=\"wpb_text_column\"><div class=\"wpb_wrapper\"><p><span style=\"font-weight: 400;\">Are your glasses lenses fogged up because of the mask?<\/span><\/p>\n<p><span style=\"font-weight: 400;\">The use of the mask brought a problem for those who wear glasses, lenses fogged up. Olhar de Prata has the anti-fog spray for you! Discover our anti-fog solutions.<\/span><\/p>\n<\/div><\/div><div class=\"w-separator size_medium\"><\/div><div class=\"w-grid us_grid type_grid layout_1840 no_results cols_5 preload_style_spinner\" id=\"us_grid_1\" style=\"--columns:5;--gap:1.5rem;\"><style>@media (max-width:1280px){#us_grid_1{--columns:3!important}}@media (max-width:879px){#us_grid_1{--columns:2!important}}@media (max-width:430px){#us_grid_1{--columns:1!important}}.layout_1840 .w-grid-item-h{border-radius:0rem;box-shadow:0 0rem 0rem rgba(0,0,0,0.1),0 0rem 0rem rgba(0,0,0,0.1);transition-duration:0.3s}.no-touch .layout_1840 .w-grid-item-h:hover{box-shadow:0 0.1rem 0.2rem rgba(0,0,0,0.1),0 0.33rem 1rem rgba(0,0,0,0.15);z-index:4}.layout_1840 .usg_post_taxonomy_2{transition-duration:0.3s;transform-origin:50% 50%;transform:scale(1) translate(0%,0%);opacity:0}.layout_1840 .w-grid-item-h:focus-within .usg_post_taxonomy_2,.layout_1840 .w-grid-item-h:hover .usg_post_taxonomy_2{transform:scale(1) translate(0%,0%);opacity:1}.layout_1840 .usg_product_field_1{color:#ffffff!important;font-weight:600!important;text-transform:uppercase!important;font-size:12px!important;line-height:22px!important;padding-left:0.5rem!important;padding-right:0.5rem!important;position:absolute!important;left:0!important;top:0!important;background:#ff6838!important}.layout_1840 .usg_post_title_1{font-family:var(--font-family)!important;font-weight:400!important;text-transform:uppercase!important;font-size:12px!important;margin-bottom:0.3rem!important}.layout_1840 .usg_product_field_3{font-family:var(--font-family)!important;font-weight:100!important;text-transform:uppercase!important;font-size:1.3rem!important;margin-bottom:0.3rem!important}.layout_1840 .usg_vwrapper_1{font-size:0.9rem!important;line-height:1.4!important;bottom:0px!important;padding:0.5rem 1rem 1rem 1rem!important}.layout_1840 .usg_post_taxonomy_1{color:#949799!important;margin-bottom:0!important}<\/style><div class=\"w-grid-list\"><\/div>\t<div class=\"w-grid-preloader\">\r\n\t\t<div class=\"g-preloader type_1\">\r\n\t\t\t<div><\/div>\r\n\t\t<\/div>\r\n\t<\/div>\r\n\t\t<div class=\"w-grid-json hidden\" onclick='return {&quot;action&quot;:&quot;us_ajax_grid&quot;,&quot;infinite_scroll&quot;:0,&quot;max_num_pages&quot;:0,&quot;pagination&quot;:&quot;none&quot;,&quot;template_vars&quot;:{&quot;columns&quot;:&quot;5&quot;,&quot;exclude_items&quot;:&quot;none&quot;,&quot;img_size&quot;:&quot;default&quot;,&quot;ignore_items_size&quot;:0,&quot;items_layout&quot;:&quot;1840&quot;,&quot;items_offset&quot;:&quot;1&quot;,&quot;load_animation&quot;:&quot;none&quot;,&quot;overriding_link&quot;:&quot;{\\&quot;url\\&quot;:\\&quot;\\&quot;}&quot;,&quot;post_id&quot;:0,&quot;query_args&quot;:{&quot;ignore_sticky_posts&quot;:1,&quot;post_type&quot;:&quot;any&quot;,&quot;post__in&quot;:[&quot;710147&quot;,&quot;704317&quot;,&quot;704314&quot;],&quot;tax_query&quot;:[{&quot;taxonomy&quot;:&quot;product_visibility&quot;,&quot;field&quot;:&quot;slug&quot;,&quot;terms&quot;:[&quot;exclude-from-catalog&quot;],&quot;operator&quot;:&quot;NOT IN&quot;}],&quot;posts_per_page&quot;:&quot;999&quot;},&quot;orderby_query_args&quot;:{&quot;orderby&quot;:{&quot;date&quot;:&quot;DESC&quot;}},&quot;type&quot;:&quot;grid&quot;,&quot;us_grid_post_type&quot;:&quot;ids&quot;,&quot;us_grid_ajax_index&quot;:1,&quot;us_grid_filter_query_string&quot;:null,&quot;us_grid_index&quot;:1,&quot;page_args&quot;:[],&quot;lang&quot;:&quot;en&quot;}}'><\/div>\r\n\t<\/div><div class=\"w-grid-none type_message\">No results found.<\/div><div class=\"w-separator size_medium\"><\/div><div class=\"wpb_text_column\"><div class=\"wpb_wrapper\"><h2><span style=\"font-weight: 400;\">Why do we get our glasses fogged up with the mask? <\/span><\/h2>\n<p><span style=\"font-weight: 400;\">When there is a temperature shock between the hot air we exhale and the surface of the graduated lenses, which is cooler. Masks accumulate hot air, which in turn increases condensation on our prescription glasses, causing fogging.<\/span><\/p>\n<h2><span style=\"font-weight: 400;\">How to wear a mask without fogging up the glasses lenses?<\/span><\/h2>\n<p><span style=\"font-weight: 400;\">If you wear glasses, you know how annoying it is when the lenses fog up, making your vision difficult. There is a solution to the problem: anti-fog spray and a cloth for the glasses. The ZEISS AntiFOG Kit is an effective solution to prevent your lenses from fogging up without damaging them.<\/span><\/p>\n<p><span style=\"font-weight: 400;\">Olhar de Prata has for you the anti-fog spray, the Zeiss anti-fog, which will put an end to the problem of fogged up glasses!<\/span><\/p>\n<p><span style=\"font-weight: 400;\">For those who wear glasses, the use of a mask sometimes has a problem: the glasses become fogged up, leaving you unable to see clearly and clearly. The best is the anti-fog spray, the anti-fog Zeiss because it has an immediate effect, just spray the lenses and clean with the cloth (which comes with the kit) and use without any complications. <\/span><\/p>\n<p><strong>This solution turns out to be:<\/strong><\/p>\n<ul>\n<li><span style=\"font-weight: 400;\">Effective and fast;<\/span><\/li>\n<li><span style=\"font-weight: 400;\">Prevents fogging in a safe and tested way;<\/span><\/li>\n<li><span style=\"font-weight: 400;\">It does not cause damage and distortion to the lenses.<\/span><\/li>\n<\/ul>\n<p><span style=\"font-weight: 400;\">The ZEISS Anti-fog Kit protects the lenses of all your glasses from fogging up caused by moisture, keeping your lenses clear for up to 72 hours.<\/span><\/p>\n<h3><span style=\"font-weight: 400;\">Each Anti-Fog Kit contains:<\/span><\/h3>\n<ul>\n<li><span style=\"font-weight: 400;\">15 ml Ssem pray Anti-embaciamento<\/span><\/li>\n<li><span style=\"font-weight: 400;\">Pano Anti-Fog, 13x13cm <\/span><\/li>\n<\/ul>\n<p><span style=\"font-weight: 400;\">When using Anti-Fog you will have a clear vision without any fogging up!<\/span><\/p>\n<\/div><\/div><\/div><\/div><\/div><div class=\"vc_col-sm-4 wpb_column vc_column_container\"><div class=\"vc_column-inner\"><div class=\"wpb_wrapper\"><\/div><\/div><\/div><\/div><\/div><\/section><section class=\"l-section wpb_row height_custom\"><div class=\"l-section-h i-cf\"><div class=\"g-cols vc_row via_flex valign_top type_default stacking_default\"><div class=\"vc_col-sm-8 wpb_column vc_column_container\"><div class=\"vc_column-inner\"><div class=\"wpb_wrapper\"><div class=\"w-separator size_medium\"><\/div><div class=\"w-image align_center\"><div class=\"w-image-h\"><img decoding=\"async\" width=\"600\" height=\"213\" src=\"https:\/\/olhardeprata.pt\/wp-content\/uploads\/2022\/01\/icons-600x213.png\" class=\"attachment-shop_single size-shop_single\" alt=\"anti-fog\" loading=\"lazy\" srcset=\"https:\/\/olhardeprata.pt\/wp-content\/uploads\/2022\/01\/icons-600x213.png 600w, https:\/\/olhardeprata.pt\/wp-content\/uploads\/2022\/01\/icons-300x107.png 300w, https:\/\/olhardeprata.pt\/wp-content\/uploads\/2022\/01\/icons-1024x364.png 1024w, https:\/\/olhardeprata.pt\/wp-content\/uploads\/2022\/01\/icons-150x53.png 150w, https:\/\/olhardeprata.pt\/wp-content\/uploads\/2022\/01\/icons-1000x355.png 1000w, https:\/\/olhardeprata.pt\/wp-content\/uploads\/2022\/01\/icons.png 1200w\" sizes=\"auto, (max-width: 600px) 100vw, 600px\" \/><\/div><\/div><div class=\"w-separator size_medium\"><\/div><\/div><\/div><\/div><div class=\"vc_col-sm-4 wpb_column vc_column_container\"><div class=\"vc_column-inner\"><div class=\"wpb_wrapper\"><\/div><\/div><\/div><\/div><\/div><\/section><section class=\"l-section wpb_row height_custom\"><div class=\"l-section-h i-cf\"><div class=\"g-cols vc_row via_flex valign_top type_default stacking_default\"><div class=\"vc_col-sm-8 wpb_column vc_column_container\"><div class=\"vc_column-inner\"><div class=\"wpb_wrapper\"><div class=\"wpb_text_column\"><div class=\"wpb_wrapper\"><h2><span style=\"font-weight: 400;\">Are your glasses lenses fogged up because of the mask?<\/span><\/h2>\n<p><span style=\"font-weight: 400;\">The use of the mask brought a problem for those who wear glasses, lenses fogged up, however at Olhar de Prata you find the right solution to defog your glasses without damaging them. Zeiss has developed <a href=\"https:\/\/olhardeprata.pt\/produto\/zeiss-kit-antifog\/\"><strong>Kit Anti-Fog<\/strong><\/a> so that your mask doesn&#8217;t cause the trouble of fogged up lenses. Discover anti-fog solutions.<\/span><\/p>\n<h2><span style=\"font-weight: 400;\">Where can I buy the anti-fog spray?<\/span><\/h2>\n<p><span style=\"font-weight: 400;\">All of our Anti-Fog Spray products are available in our physical stores and <a href=\"https:\/\/olhardeprata.pt\/?s=zeiss&amp;post_type=product\">on-line<\/a>. If you have any questions, you can contact us via <a href=\"tel:00351213513230\">(+351) 21 351 32 30<\/a> or <a href=\"mailto:loja@olhardeprata.pt\">loja@olhardeprata.pt<\/a>.<\/span><span style=\"font-weight: 400;\"><br \/>\n<\/span><\/p>\n<h2><span style=\"font-weight: 400;\">How long does it take for the anti-fog (aka anti-fog) spray to arrive?<\/span><\/h2>\n<p><span style=\"font-weight: 400;\">When placing an order on the official website of Olhar de Prata, your anti-fog spray will take between 24h to 48h, to be delivered on working days. However, any question about the shipment or your order, we recommend contacting our technical support through the <a href=\"tel:00351213513230\">(+351) 21 351 32 30<\/a> or<a href=\"mailto:loja@olhardeprata.pt\">loja@olhardeprata.pt<\/a>.<\/span><\/p>\n<h2><span style=\"font-weight: 400;\">Is there a guarantee for Olhar de Prata in relation to the Zeiss Anti-fog?<\/span><\/h2>\n<p><span style=\"font-weight: 400;\">All products sold at Olhar de Prata have a guarantee, get to know our <a href=\"https:\/\/olhardeprata.pt\/en\/faqs\/\">condi\u00e7\u00f5es de garantia.<\/a><\/span><\/p>\n<p>&nbsp;<\/p>\n<p><script type=\"application\/ld+json\">\n{\n  \"@context\": \"https:\/\/schema.org\",\n  \"@type\": \"FAQPage\",\n  \"mainEntity\": [{\n    \"@type\": \"Question\",\n    \"name\": \"Onde posso comprar o spray de anti-embaciamento?\",\n    \"acceptedAnswer\": {\n      \"@type\": \"Answer\",\n      \"text\": \"Nas lojas f\u00edsicas e on-line da Olhar de Prata. Caso tenha alguma quest\u00e3o poder\u00e1 contactar-nos atrav\u00e9s do (+351) 21 351 32 30 ou loja@olhardeprata.pt\"\n    }\n  },{\n    \"@type\": \"Question\",\n    \"name\": \"Quanto tempo demora a chegar o spray anti-fog (tamb\u00e9m conhecido por anti-embaciamento)?\",\n    \"acceptedAnswer\": {\n      \"@type\": \"Answer\",\n      \"text\": \"Ao realizar uma encomenda no site oficial da Olhar de Prata o seu Spray anti-fog ir\u00e1 demorar entre 24h a 48h, para ser entregue em dias \u00fateis. Contudo qualquer quest\u00e3o sobre o envio ou a sua encomenda recomendamos a contactar o nosso apoio t\u00e9cnico atrav\u00e9s do (+351) 21 351 32 30 ou loja@olhardeprata.pt.\"\n    }\n  },{\n    \"@type\": \"Question\",\n    \"name\": \"As lentes dos seus \u00f3culos est\u00e3o embaciadas por causa da m\u00e1scara?\",\n    \"acceptedAnswer\": {\n      \"@type\": \"Answer\",\n      \"text\": \"O uso da m\u00e1scara trouxe um problema para quem usa \u00f3culos, lentes embaciadas, contudo na Olhar de Prata encontra a solu\u00e7\u00e3o certa para desembaciar os seus \u00f3culos sem os danificar. A Zeiss desenvolveu um Kit Anti-Fog para que a sua m\u00e1scara n\u00e3o cause o transtorno das lentes embaciadas. Conhe\u00e7a as solu\u00e7\u00f5es de anti-embaciamento.\"\n    }\n  },{\n    \"@type\": \"Question\",\n    \"name\": \"Existe garantia Olhar de Prata em rela\u00e7\u00e3o ao Anti-fog Zeiss?\",\n    \"acceptedAnswer\": {\n      \"@type\": \"Answer\",\n      \"text\": \"Todos os produtos comercializados na Olhar de Prata t\u00eam garantia, conhe\u00e7a as nossas condi\u00e7\u00f5es de garantia.\"\n    }\n  }]\n}\n<\/script><\/p>\n<\/div><\/div><div class=\"w-separator size_medium\"><\/div><div class=\"w-grid us_grid type_grid layout_1840 no_results cols_5 preload_style_spinner\" id=\"us_grid_2\" style=\"--columns:5;--gap:1.5rem;\"><style>@media (max-width:1280px){#us_grid_2{--columns:3!important}}@media (max-width:879px){#us_grid_2{--columns:2!important}}@media (max-width:430px){#us_grid_2{--columns:1!important}}<\/style><div class=\"w-grid-list\"><\/div>\t<div class=\"w-grid-preloader\">\r\n\t\t<div class=\"g-preloader type_1\">\r\n\t\t\t<div><\/div>\r\n\t\t<\/div>\r\n\t<\/div>\r\n\t\t<div class=\"w-grid-json hidden\" onclick='return {&quot;action&quot;:&quot;us_ajax_grid&quot;,&quot;infinite_scroll&quot;:0,&quot;max_num_pages&quot;:0,&quot;pagination&quot;:&quot;none&quot;,&quot;template_vars&quot;:{&quot;columns&quot;:&quot;5&quot;,&quot;exclude_items&quot;:&quot;none&quot;,&quot;img_size&quot;:&quot;default&quot;,&quot;ignore_items_size&quot;:0,&quot;items_layout&quot;:&quot;1840&quot;,&quot;items_offset&quot;:&quot;1&quot;,&quot;load_animation&quot;:&quot;none&quot;,&quot;overriding_link&quot;:&quot;{\\&quot;url\\&quot;:\\&quot;\\&quot;}&quot;,&quot;post_id&quot;:0,&quot;query_args&quot;:{&quot;ignore_sticky_posts&quot;:1,&quot;post_type&quot;:&quot;any&quot;,&quot;post__in&quot;:[&quot;710147&quot;,&quot;704317&quot;,&quot;704314&quot;],&quot;tax_query&quot;:[{&quot;taxonomy&quot;:&quot;product_visibility&quot;,&quot;field&quot;:&quot;slug&quot;,&quot;terms&quot;:[&quot;exclude-from-catalog&quot;],&quot;operator&quot;:&quot;NOT IN&quot;}],&quot;posts_per_page&quot;:&quot;999&quot;},&quot;orderby_query_args&quot;:{&quot;orderby&quot;:{&quot;date&quot;:&quot;DESC&quot;}},&quot;type&quot;:&quot;grid&quot;,&quot;us_grid_post_type&quot;:&quot;ids&quot;,&quot;us_grid_ajax_index&quot;:2,&quot;us_grid_filter_query_string&quot;:null,&quot;us_grid_index&quot;:2,&quot;page_args&quot;:[],&quot;lang&quot;:&quot;en&quot;}}'><\/div>\r\n\t<\/div><div class=\"w-grid-none type_message\">No results found.<\/div><\/div><\/div><\/div><div class=\"vc_col-sm-4 wpb_column vc_column_container\"><div class=\"vc_column-inner\"><div class=\"wpb_wrapper\"><\/div><\/div><\/div><\/div><\/div><\/section><section class=\"l-section wpb_row height_custom\"><div class=\"l-section-h i-cf\"><div class=\"g-cols vc_row via_flex valign_top type_default stacking_default\"><div class=\"vc_col-sm-6 wpb_column vc_column_container\"><div class=\"vc_column-inner\"><div class=\"wpb_wrapper\"><div class=\"wpb_text_column\"><div class=\"wpb_wrapper\"><div class=\"wpb_text_column\">\n<div class=\"wpb_wrapper\">\n<h3>Se tiver mais quest\u00f5es contacte-nos!<\/h3>\n<\/div>\n<\/div>\n<\/div><\/div><div class=\"w-separator size_small\"><\/div>\n<div class=\"wpcf7 no-js\" id=\"wpcf7-f1064476-o1\" lang=\"pt-PT\" dir=\"ltr\" data-wpcf7-id=\"1064476\">\n<div class=\"screen-reader-response\"><p role=\"status\" aria-live=\"polite\" aria-atomic=\"true\"><\/p> <ul><\/ul><\/div>\n<form action=\"\/en\/wp-json\/wp\/v2\/pages\/1963369#wpcf7-f1064476-o1\" method=\"post\" class=\"wpcf7-form init\" aria-label=\"Formul\u00e1rio de contacto\" novalidate=\"novalidate\" data-status=\"init\">\n<fieldset class=\"hidden-fields-container\"><input type=\"hidden\" name=\"_wpcf7\" value=\"1064476\" \/><input type=\"hidden\" name=\"_wpcf7_version\" value=\"6.1.5\" \/><input type=\"hidden\" name=\"_wpcf7_locale\" value=\"pt_PT\" \/><input type=\"hidden\" name=\"_wpcf7_unit_tag\" value=\"wpcf7-f1064476-o1\" \/><input type=\"hidden\" name=\"_wpcf7_container_post\" value=\"0\" \/><input type=\"hidden\" name=\"_wpcf7_posted_data_hash\" value=\"\" \/><input type=\"hidden\" name=\"_wpcf7_recaptcha_response\" value=\"\" \/>\n<\/fieldset>\n<p><label> Escolha um assunto<br \/>\n<span class=\"wpcf7-form-control-wrap\" data-name=\"menu-652\"><select class=\"wpcf7-form-control wpcf7-select wpcf7-validates-as-required\" aria-required=\"true\" aria-invalid=\"false\" name=\"menu-652\"><option value=\"\">&#8212;Por favor escolha uma op\u00e7\u00e3o&#8212;<\/option><option value=\"Encomendas\">Encomendas<\/option><option value=\"Entregas\">Entregas<\/option><option value=\"Pagamentos\">Pagamentos<\/option><option value=\"Promo\u00e7\u00f5es e Descontos\">Promo\u00e7\u00f5es e Descontos<\/option><\/select><\/span><\/label>\n<\/p>\n<p><label> O seu nome (obrigat\u00f3rio)<br \/>\n<span class=\"wpcf7-form-control-wrap\" data-name=\"your-name\"><input size=\"40\" maxlength=\"400\" class=\"wpcf7-form-control wpcf7-text wpcf7-validates-as-required\" aria-required=\"true\" aria-invalid=\"false\" value=\"\" type=\"text\" name=\"your-name\" \/><\/span> <\/label>\n<\/p>\n<p><label> O seu email (obrigat\u00f3rio)<br \/>\n<span class=\"wpcf7-form-control-wrap\" data-name=\"your-email\"><input size=\"40\" maxlength=\"400\" class=\"wpcf7-form-control wpcf7-email wpcf7-validates-as-required wpcf7-text wpcf7-validates-as-email\" aria-required=\"true\" aria-invalid=\"false\" value=\"\" type=\"email\" name=\"your-email\" \/><\/span> <\/label>\n<\/p>\n<p><label> Telefone<br \/>\n<span class=\"wpcf7-form-control-wrap\" data-name=\"tel-714\"><input size=\"40\" maxlength=\"400\" class=\"wpcf7-form-control wpcf7-tel wpcf7-text wpcf7-validates-as-tel\" aria-invalid=\"false\" value=\"\" type=\"tel\" name=\"tel-714\" \/><\/span><\/label>\n<\/p>\n<p><label> A sua mensagem (obrigat\u00f3ria)<br \/>\n<span class=\"wpcf7-form-control-wrap\" data-name=\"your-message\"><textarea cols=\"40\" rows=\"10\" maxlength=\"2000\" class=\"wpcf7-form-control wpcf7-textarea wpcf7-validates-as-required\" aria-required=\"true\" aria-invalid=\"false\" name=\"your-message\"><\/textarea><\/span> <\/label>\n<\/p>\n\n<p><input class=\"wpcf7-form-control wpcf7-submit has-spinner\" type=\"submit\" value=\"Enviar\" \/>\n<\/p><div class=\"wpcf7-response-output\" aria-hidden=\"true\"><\/div>\n<\/form>\n<\/div>\n<\/div><\/div><\/div><div class=\"vc_col-sm-8 wpb_column vc_column_container\"><div class=\"vc_column-inner\"><div class=\"wpb_wrapper\"><div class=\"w-tabs-section active content-empty\" id=\"1590682935244-17c7d24c-a78b\"><button class=\"w-tabs-section-header active\" aria-controls=\"content-1590682935244-17c7d24c-a78b\" aria-expanded=\"true\"><div class=\"w-tabs-section-title\">Fontes Pereira de Melo<\/div><div class=\"w-tabs-section-control\"><\/div><\/button><div  class=\"w-tabs-section-content\" id=\"content-1590682935244-17c7d24c-a78b\"><div class=\"w-tabs-section-content-h i-cf\"><\/div><\/div><\/div><div class=\"g-cols wpb_row via_flex valign_top type_default stacking_default\"><\/div><div class=\"vc_col-sm-4 wpb_column vc_column_container\"><div class=\"vc_column-inner\"><div class=\"wpb_wrapper\"><\/div><\/div><\/div><div class=\"wpb_text_column\"><div class=\"wpb_wrapper\"><p><span class=\"olharName\">Olhar de prata<\/span><\/p>\n<\/div><\/div><\/div><\/div><\/div><\/div><\/div><\/section>\n","protected":false},"excerpt":{"rendered":"Are your glasses lenses fogged up because of the mask? The use of the mask brought a problem for those who wear glasses, lenses fogged up. Olhar de Prata has the anti-fog spray for you! Discover our anti-fog solutions. No results found.Why do we get our glasses fogged up with the mask? When there is...","protected":false},"author":2,"featured_media":0,"parent":0,"menu_order":0,"comment_status":"closed","ping_status":"closed","template":"","meta":{"_acf_changed":false,"footnotes":""},"class_list":["post-1963369","page","type-page","status-publish","hentry"],"acf":[],"_links":{"self":[{"href":"https:\/\/olhardeprata.pt\/en\/wp-json\/wp\/v2\/pages\/1963369","targetHints":{"allow":["GET"]}}],"collection":[{"href":"https:\/\/olhardeprata.pt\/en\/wp-json\/wp\/v2\/pages"}],"about":[{"href":"https:\/\/olhardeprata.pt\/en\/wp-json\/wp\/v2\/types\/page"}],"author":[{"embeddable":true,"href":"https:\/\/olhardeprata.pt\/en\/wp-json\/wp\/v2\/users\/2"}],"replies":[{"embeddable":true,"href":"https:\/\/olhardeprata.pt\/en\/wp-json\/wp\/v2\/comments?post=1963369"}],"version-history":[{"count":0,"href":"https:\/\/olhardeprata.pt\/en\/wp-json\/wp\/v2\/pages\/1963369\/revisions"}],"wp:attachment":[{"href":"https:\/\/olhardeprata.pt\/en\/wp-json\/wp\/v2\/media?parent=1963369"}],"curies":[{"name":"wp","href":"https:\/\/api.w.org\/{rel}","templated":true}]}}